{"id":610,"date":"2017-11-30T17:15:24","date_gmt":"2017-11-30T19:15:24","guid":{"rendered":"http:\/\/www.sodf.org.br\/wordpress\/?page_id=610"},"modified":"2026-02-02T14:01:32","modified_gmt":"2026-02-02T17:01:32","slug":"prestacao-de-contas","status":"publish","type":"page","link":"https:\/\/www.sodf.org.br\/wordpress\/prestacao-de-contas\/","title":{"rendered":"Presta\u00e7\u00e3o de Contas"},"content":{"rendered":"<p><a href=\"https:\/\/www.sodf.org.br\/wordpress\/wp-content\/uploads\/2026\/02\/BALANCO-PATRIMONIAL-2024.pdf\">Presta\u00e7ao de contas &#8211; 2024<\/a><\/p>\n<p><a href=\"https:\/\/www.sodf.org.br\/wordpress\/wp-content\/uploads\/2024\/08\/Balanco-Patrimonial-2023.pdf\">Presta\u00e7\u00e3o de Contas &#8211; 2023<\/a><\/p>\n<p><a href=\"https:\/\/www.sodf.org.br\/wordpress\/wp-content\/uploads\/2024\/08\/Balanco-Patrimonial-2022.pdf\">Presta\u00e7\u00e3o de Contas &#8211; 2022<\/a><\/p>\n<p><a href=\"https:\/\/www.sodf.org.br\/wordpress\/wp-content\/uploads\/2024\/06\/Balanco-2021.pdf\">Presta\u00e7\u00e3o de Contas &#8211; 2021<\/a><\/p>\n<p><a href=\"https:\/\/www.sodf.org.br\/wordpress\/wp-content\/uploads\/2024\/06\/Balanco-2020.pdf\">Presta\u00e7\u00e3o de Contas &#8211; 2020<\/a><\/p>\n<p><a href=\"https:\/\/www.sodf.org.br\/wordpress\/wp-content\/uploads\/2024\/06\/BALANCO-2019.pdf\">Presta\u00e7\u00e3o de Contas &#8211; 2019<\/a><\/p>\n<p><a href=\"https:\/\/www.sodf.org.br\/wordpress\/wp-content\/uploads\/2024\/06\/Balanco-de-2018.pdf\">Presta\u00e7\u00e3o de Contas &#8211; 2018<\/a><\/p>\n<p><a href=\"https:\/\/www.sodf.org.br\/wordpress\/wp-content\/uploads\/2024\/06\/Balanco-de-2017.pdf\">Presta\u00e7\u00e3o de Contas &#8211; 2017<\/a><\/p>\n<p><a href=\"https:\/\/www.sodf.org.br\/wordpress\/wp-content\/uploads\/2024\/06\/BALANCO-2016.pdf\">Presta\u00e7\u00e3o de Contas &#8211; 2016<\/a><\/p>\n<p><a href=\"https:\/\/www.sodf.org.br\/wordpress\/wp-content\/uploads\/2024\/06\/BALANCO-2015.pdf\">Presta\u00e7\u00e3o de Contas &#8211; 2015<\/a><\/p>\n<p><a href=\"https:\/\/www.sodf.org.br\/wordpress\/wp-content\/uploads\/2024\/06\/Balanco-2014.pdf\">Presta\u00e7\u00e3o de Contas &#8211; 2014<\/a><\/p>\n<p><a href=\"https:\/\/www.sodf.org.br\/wordpress\/wp-content\/uploads\/2024\/06\/Balanco-2013.pdf\">Presta\u00e7\u00e3o de Contas &#8211; 2013<\/a><\/p>\n<p>&nbsp;<\/p>\n","protected":false},"excerpt":{"rendered":"<p>Presta\u00e7ao de contas &#8211; 2024 Presta\u00e7\u00e3o de Contas &#8211; 2023 Presta\u00e7\u00e3o de Contas &#8211; 2022 Presta\u00e7\u00e3o de Contas &#8211; 2021 Presta\u00e7\u00e3o de Contas &#8211; 2020 Presta\u00e7\u00e3o de Contas &#8211; 2019 Presta\u00e7\u00e3o de Contas &#8211; 2018 Presta\u00e7\u00e3o de Contas &#8211; 2017 Presta\u00e7\u00e3o de Contas &#8211; 2016 Presta\u00e7\u00e3o de Contas &#8211; 2015 Presta\u00e7\u00e3o de Contas &#8211; 2014 [&hellip;]<\/p>\n","protected":false},"author":1,"featured_media":0,"parent":0,"menu_order":0,"comment_status":"closed","ping_status":"closed","template":"","meta":{"footnotes":""},"class_list":["post-610","page","type-page","status-publish","hentry"],"post_mailing_queue_ids":[],"_links":{"self":[{"href":"https:\/\/www.sodf.org.br\/wordpress\/wp-json\/wp\/v2\/pages\/610","targetHints":{"allow":["GET"]}}],"collection":[{"href":"https:\/\/www.sodf.org.br\/wordpress\/wp-json\/wp\/v2\/pages"}],"about":[{"href":"https:\/\/www.sodf.org.br\/wordpress\/wp-json\/wp\/v2\/types\/page"}],"author":[{"embeddable":true,"href":"https:\/\/www.sodf.org.br\/wordpress\/wp-json\/wp\/v2\/users\/1"}],"replies":[{"embeddable":true,"href":"https:\/\/www.sodf.org.br\/wordpress\/wp-json\/wp\/v2\/comments?post=610"}],"version-history":[{"count":30,"href":"https:\/\/www.sodf.org.br\/wordpress\/wp-json\/wp\/v2\/pages\/610\/revisions"}],"predecessor-version":[{"id":8357,"href":"https:\/\/www.sodf.org.br\/wordpress\/wp-json\/wp\/v2\/pages\/610\/revisions\/8357"}],"wp:attachment":[{"href":"https:\/\/www.sodf.org.br\/wordpress\/wp-json\/wp\/v2\/media?parent=610"}],"curies":[{"name":"wp","href":"https:\/\/api.w.org\/{rel}","templated":true}]}}