{"id":37,"date":"2017-10-13T14:13:22","date_gmt":"2017-10-13T17:13:22","guid":{"rendered":"http:\/\/www.sodf.org.br\/wordpress\/?page_id=37"},"modified":"2020-07-15T18:54:10","modified_gmt":"2020-07-15T21:54:10","slug":"filie-se","status":"publish","type":"page","link":"https:\/\/www.sodf.org.br\/wordpress\/filie-se\/","title":{"rendered":"Filie-se"},"content":{"rendered":"<p>[vc_row][vc_column][vc_column_text]<\/p>\n<h2 style=\"text-align: center;\">Para tornar-se um Sindicalizado e aproveitar os benef\u00edcios exclusivos para Cirurgi\u00f5es-Dentistas, preencha os formul\u00e1rios abaixo e entregue no Sindicato dos Odontologistas.<\/h2>\n<p>[\/vc_column_text][vc_separator][\/vc_column][\/vc_row][vc_row][vc_column width=&#8221;1\/2&#8243;][vc_cta h2=&#8221;FICHA DE SINDICALIZA\u00c7\u00c3O&#8221; txt_align=&#8221;center&#8221; add_button=&#8221;bottom&#8221; btn_title=&#8221;Download&#8221; btn_color=&#8221;success&#8221; btn_size=&#8221;lg&#8221; btn_align=&#8221;center&#8221; btn_i_icon_fontawesome=&#8221;fa fa-download&#8221; add_icon=&#8221;top&#8221; i_icon_fontawesome=&#8221;fa fa-thumbs-o-up&#8221; i_color=&#8221;white&#8221; i_background_style=&#8221;rounded&#8221; i_background_color=&#8221;green&#8221; i_size=&#8221;xl&#8221; btn_button_block=&#8221;true&#8221; btn_add_icon=&#8221;true&#8221; i_on_border=&#8221;true&#8221; btn_link=&#8221;url:http%3A%2F%2Fwww.sodf.org.br%2Fwordpress%2Fwp-content%2Fuploads%2F2019%2F10%2FFICHA-DE-SINDICALIZA%C3%87%C3%83O2019.pdf||target:%20_blank|&#8221;]Fa\u00e7a download do anexo clicando no bot\u00e3o abaixo, preencha o formul\u00e1rio e entregue na sede da SODF.[\/vc_cta][\/vc_column][vc_column width=&#8221;1\/2&#8243;][vc_cta h2=&#8221;AUTORIZA\u00c7\u00c3O PARA DESCONTO SES&#8221; txt_align=&#8221;center&#8221; add_button=&#8221;bottom&#8221; btn_title=&#8221;Download&#8221; btn_color=&#8221;success&#8221; btn_size=&#8221;lg&#8221; btn_align=&#8221;center&#8221; btn_i_icon_fontawesome=&#8221;fa fa-download&#8221; add_icon=&#8221;top&#8221; i_icon_fontawesome=&#8221;fa fa-check-circle&#8221; i_color=&#8221;white&#8221; i_background_style=&#8221;rounded&#8221; i_background_color=&#8221;green&#8221; i_size=&#8221;xl&#8221; btn_button_block=&#8221;true&#8221; btn_add_icon=&#8221;true&#8221; i_on_border=&#8221;true&#8221; btn_link=&#8221;url:http%3A%2F%2Fwww.sodf.org.br%2Fwordpress%2Fwp-content%2Fuploads%2F2019%2F10%2FAUTORIZA%C3%87%C3%83O-DESCONTO-EM-FOLHA-SES-2019.pdf||target:%20_blank|&#8221;]Fa\u00e7a download do anexo clicando no bot\u00e3o abaixo, preencha o formul\u00e1rio e entregue na sede da SODF.[\/vc_cta][vc_cta h2=&#8221;AUTORIZA\u00c7\u00c3O PARA DESCONTO IGES&#8221; txt_align=&#8221;center&#8221; add_button=&#8221;bottom&#8221; btn_title=&#8221;DOWNLOAD &#8221; btn_color=&#8221;success&#8221; btn_size=&#8221;lg&#8221; btn_align=&#8221;center&#8221; btn_i_icon_fontawesome=&#8221;fa fa-download&#8221; add_icon=&#8221;bottom&#8221; i_icon_fontawesome=&#8221;fa fa-check-circle-o&#8221; i_color=&#8221;white&#8221; btn_button_block=&#8221;true&#8221; btn_add_icon=&#8221;true&#8221; i_on_border=&#8221;true&#8221; btn_link=&#8221;url:http%3A%2F%2Fwww.sodf.org.br%2Fwordpress%2Fwp-content%2Fuploads%2F2020%2F07%2FAUTORIZA%C3%87%C3%83O-DESCONTO-EM-FOLHA-IGESDF-COM-ALTERA%C3%87%C3%83O.pdf|||&#8221;]Fa\u00e7a download do anexo clicando no bot\u00e3o abaixo, preencha o formul\u00e1rio e entregue na sede da SODF.[\/vc_cta][vc_cta h2=&#8221;AUTORIZA\u00c7\u00c3O PARA DESCONTO SEE&#8221; txt_align=&#8221;center&#8221; add_button=&#8221;bottom&#8221; btn_title=&#8221;Download&#8221; btn_color=&#8221;success&#8221; btn_size=&#8221;lg&#8221; btn_align=&#8221;center&#8221; btn_i_icon_fontawesome=&#8221;fa fa-download&#8221; add_icon=&#8221;top&#8221; i_icon_fontawesome=&#8221;fa fa-check-square&#8221; i_color=&#8221;white&#8221; btn_button_block=&#8221;true&#8221; btn_add_icon=&#8221;true&#8221; i_on_border=&#8221;true&#8221; btn_link=&#8221;url:http%3A%2F%2Fwww.sodf.org.br%2Fwordpress%2Fwp-content%2Fuploads%2F2020%2F07%2FAUTORIZA%C3%87%C3%83O-DESCONTO-EM-FOLHA-SEE-2019.pdf|||&#8221;]Fa\u00e7a download do anexo clicando no bot\u00e3o abaixo, preencha o formul\u00e1rio e entregue na sede da SODF.[\/vc_cta][\/vc_column][\/vc_row]<\/p>\n","protected":false},"excerpt":{"rendered":"<p>[vc_row][vc_column][vc_column_text] Para tornar-se um Sindicalizado e aproveitar os benef\u00edcios exclusivos para Cirurgi\u00f5es-Dentistas, preencha os formul\u00e1rios abaixo e entregue no Sindicato dos Odontologistas. [\/vc_column_text][vc_separator][\/vc_column][\/vc_row][vc_row][vc_column width=&#8221;1\/2&#8243;][vc_cta h2=&#8221;FICHA DE SINDICALIZA\u00c7\u00c3O&#8221; txt_align=&#8221;center&#8221; add_button=&#8221;bottom&#8221; btn_title=&#8221;Download&#8221; btn_color=&#8221;success&#8221; btn_size=&#8221;lg&#8221; btn_align=&#8221;center&#8221; btn_i_icon_fontawesome=&#8221;fa fa-download&#8221; add_icon=&#8221;top&#8221; i_icon_fontawesome=&#8221;fa fa-thumbs-o-up&#8221; i_color=&#8221;white&#8221; i_background_style=&#8221;rounded&#8221; i_background_color=&#8221;green&#8221; i_size=&#8221;xl&#8221; btn_button_block=&#8221;true&#8221; btn_add_icon=&#8221;true&#8221; i_on_border=&#8221;true&#8221; btn_link=&#8221;url:http%3A%2F%2Fwww.sodf.org.br%2Fwordpress%2Fwp-content%2Fuploads%2F2019%2F10%2FFICHA-DE-SINDICALIZA%C3%87%C3%83O2019.pdf||target:%20_blank|&#8221;]Fa\u00e7a download do anexo clicando no bot\u00e3o abaixo, preencha o [&hellip;]<\/p>\n","protected":false},"author":1,"featured_media":0,"parent":0,"menu_order":0,"comment_status":"closed","ping_status":"closed","template":"","meta":{"footnotes":""},"class_list":["post-37","page","type-page","status-publish","hentry"],"post_mailing_queue_ids":[],"_links":{"self":[{"href":"https:\/\/www.sodf.org.br\/wordpress\/wp-json\/wp\/v2\/pages\/37","targetHints":{"allow":["GET"]}}],"collection":[{"href":"https:\/\/www.sodf.org.br\/wordpress\/wp-json\/wp\/v2\/pages"}],"about":[{"href":"https:\/\/www.sodf.org.br\/wordpress\/wp-json\/wp\/v2\/types\/page"}],"author":[{"embeddable":true,"href":"https:\/\/www.sodf.org.br\/wordpress\/wp-json\/wp\/v2\/users\/1"}],"replies":[{"embeddable":true,"href":"https:\/\/www.sodf.org.br\/wordpress\/wp-json\/wp\/v2\/comments?post=37"}],"version-history":[{"count":25,"href":"https:\/\/www.sodf.org.br\/wordpress\/wp-json\/wp\/v2\/pages\/37\/revisions"}],"predecessor-version":[{"id":2602,"href":"https:\/\/www.sodf.org.br\/wordpress\/wp-json\/wp\/v2\/pages\/37\/revisions\/2602"}],"wp:attachment":[{"href":"https:\/\/www.sodf.org.br\/wordpress\/wp-json\/wp\/v2\/media?parent=37"}],"curies":[{"name":"wp","href":"https:\/\/api.w.org\/{rel}","templated":true}]}}