{"id":283,"date":"2017-10-22T19:41:39","date_gmt":"2017-10-22T21:41:39","guid":{"rendered":"http:\/\/www.sodf.org.br\/wordpress\/?page_id=283"},"modified":"2026-01-22T11:19:11","modified_gmt":"2026-01-22T14:19:11","slug":"diretoria","status":"publish","type":"page","link":"https:\/\/www.sodf.org.br\/wordpress\/diretoria\/","title":{"rendered":"Diretoria"},"content":{"rendered":"<p>[vc_row][vc_column][vc_column_text]<\/p>\n<h1 style=\"text-align: center;\">GEST\u00c3O 2025\/2028<\/h1>\n<p>[\/vc_column_text][\/vc_column][\/vc_row][vc_row][vc_column][vc_column_text]<strong>Presidente<\/strong><\/p>\n<ul>\n<li>Wendel Teixeira Santos<\/li>\n<\/ul>\n<p><strong>Vice-Presidente<\/strong><\/p>\n<ul>\n<li>Daniella Gon\u00e7alves Torres Miguel<\/li>\n<\/ul>\n<p><strong>Secretaria Geral<\/strong><\/p>\n<ul>\n<li>Maria de F\u00e1tima Cardoso<\/li>\n<\/ul>\n<p><strong>Tesoureiro-geral<\/strong><\/p>\n<ul>\n<li>Jos\u00e9 Arnaldo Pereira Diniz<\/li>\n<\/ul>\n<p><strong>Secretaria de Conv\u00eanios e Credenciamentos<\/strong><\/p>\n<ul>\n<li>Roger Oliveira Paiva<\/li>\n<li>Soraia Costa Gon\u00e7alves Bomfim<\/li>\n<\/ul>\n<p><strong>Secretaria de Assuntos Jur\u00eddicos e Trabalhistas<\/strong><\/p>\n<ul>\n<li>Aroldo Pinheiro de Moura Neto<\/li>\n<li>Vinic\u00edus Rocha Texeira<\/li>\n<li>Suplente: Ant\u00f4nio Wilson Fonseca de Matos<\/li>\n<\/ul>\n<p><strong>\u200bSecretaria de Forma\u00e7\u00e3o e Pol\u00edtica Sindical<\/strong><\/p>\n<ul>\n<li>Roz\u00e2ngela Fernandes Camapum<\/li>\n<li>Alexsandro Lopes Lima<\/li>\n<\/ul>\n<p><strong>Secretaria de Sa\u00fade do Trabalhador e Condi\u00e7\u00f5es de Trabalho<\/strong><\/p>\n<ul>\n<li>Jeov\u00e2nia Rodrigues Silva<\/li>\n<li>Hellen Bernardes da Silva<\/li>\n<\/ul>\n<p><strong>Secretaria de Comunica\u00e7\u00e3o, Social, Esporte e Cultura<\/strong><\/p>\n<ul>\n<li>Nat\u00e1lia Gon\u00e7alves Nogueira<\/li>\n<li>Let\u00edcia Costa Santos<\/li>\n<\/ul>\n<p><strong>Conselho Fiscal<\/strong><\/p>\n<p><strong>\u00a0 \u00a0Efetivos: <\/strong><\/p>\n<ul>\n<li>Maria do Socorro Rodrigues Ayres<\/li>\n<li>Maria In\u00eas Borba de Ara\u00fajo<\/li>\n<li>Reuben Lucena Moraes<br \/>\n<strong><\/p>\n<p>Suplentes:\u00a0 \u00a0 \u00a0 \u00a0 \u00a0 \u00a0 \u00a0 \u00a0 \u00a0 \u00a0 \u00a0 \u00a0 \u00a0 \u00a0 \u00a0 \u00a0 \u00a0 \u00a0 \u00a0 \u00a0 \u00a0 \u00a0 \u00a0 \u00a0 \u00a0 \u00a0 \u00a0 \u00a0 \u00a0 \u00a0 \u00a0 \u00a0 \u00a0 \u00a0 \u00a0 \u00a0 \u00a0 \u00a0 \u00a0 \u00a0 \u00a0 \u00a0 \u00a0 \u00a0 \u00a0 \u00a0 \u00a0 \u00a0 \u00a0 \u00a0 \u00a0 \u00a0 \u00a0 \u00a0 \u00a0 \u00a0 \u00a0 \u00a0 \u00a0\u00a0<\/strong><\/li>\n<li>Isa Helena Moraes Alves Patr\u00e3o<\/li>\n<li>Maria Iris Rachid Can\u00e7ado<\/li>\n<li>Kilderson Bezerra Silva<\/li>\n<\/ul>\n<p>&nbsp;<\/p>\n<p>&nbsp;<\/p>\n<p>[\/vc_column_text][\/vc_column][\/vc_row]<\/p>\n","protected":false},"excerpt":{"rendered":"<p>[vc_row][vc_column][vc_column_text] GEST\u00c3O 2025\/2028 [\/vc_column_text][\/vc_column][\/vc_row][vc_row][vc_column][vc_column_text]Presidente Wendel Teixeira Santos Vice-Presidente Daniella Gon\u00e7alves Torres Miguel Secretaria Geral Maria de F\u00e1tima Cardoso Tesoureiro-geral Jos\u00e9 Arnaldo Pereira Diniz Secretaria de Conv\u00eanios e Credenciamentos Roger Oliveira Paiva Soraia Costa Gon\u00e7alves Bomfim Secretaria de Assuntos Jur\u00eddicos e Trabalhistas Aroldo Pinheiro de Moura Neto Vinic\u00edus Rocha Texeira Suplente: Ant\u00f4nio Wilson Fonseca de Matos [&hellip;]<\/p>\n","protected":false},"author":1,"featured_media":0,"parent":0,"menu_order":0,"comment_status":"closed","ping_status":"closed","template":"","meta":{"footnotes":""},"class_list":["post-283","page","type-page","status-publish","hentry"],"post_mailing_queue_ids":[],"_links":{"self":[{"href":"https:\/\/www.sodf.org.br\/wordpress\/wp-json\/wp\/v2\/pages\/283","targetHints":{"allow":["GET"]}}],"collection":[{"href":"https:\/\/www.sodf.org.br\/wordpress\/wp-json\/wp\/v2\/pages"}],"about":[{"href":"https:\/\/www.sodf.org.br\/wordpress\/wp-json\/wp\/v2\/types\/page"}],"author":[{"embeddable":true,"href":"https:\/\/www.sodf.org.br\/wordpress\/wp-json\/wp\/v2\/users\/1"}],"replies":[{"embeddable":true,"href":"https:\/\/www.sodf.org.br\/wordpress\/wp-json\/wp\/v2\/comments?post=283"}],"version-history":[{"count":45,"href":"https:\/\/www.sodf.org.br\/wordpress\/wp-json\/wp\/v2\/pages\/283\/revisions"}],"predecessor-version":[{"id":8326,"href":"https:\/\/www.sodf.org.br\/wordpress\/wp-json\/wp\/v2\/pages\/283\/revisions\/8326"}],"wp:attachment":[{"href":"https:\/\/www.sodf.org.br\/wordpress\/wp-json\/wp\/v2\/media?parent=283"}],"curies":[{"name":"wp","href":"https:\/\/api.w.org\/{rel}","templated":true}]}}