{"id":23,"date":"2017-10-07T10:49:39","date_gmt":"2017-10-07T13:49:39","guid":{"rendered":"http:\/\/www.sodf.org.br\/wordpress\/?page_id=23"},"modified":"2019-07-09T16:43:25","modified_gmt":"2019-07-09T19:43:25","slug":"legislacao","status":"publish","type":"page","link":"https:\/\/www.sodf.org.br\/wordpress\/legislacao\/","title":{"rendered":"Legisla\u00e7\u00e3o"},"content":{"rendered":"<p>[vc_row][vc_column][vc_tta_accordion][vc_tta_section title=&#8221;Estatuto da SODF&#8221; tab_id=&#8221;1507917193126-acf9e565-408e&#8221;][vc_btn title=&#8221;Download do Estatuto da SODF&#8221; color=&#8221;primary&#8221; i_icon_fontawesome=&#8221;fa fa-file-pdf-o&#8221; add_icon=&#8221;true&#8221; link=&#8221;url:http%3A%2F%2Fwww.sodf.org.br%2Fwordpress%2Fwp-content%2Fuploads%2F2019%2F07%2FEstatuto-do-SODF-de-2017.pdf|title:Estatuto%20do%20SODF|target:%20_blank|&#8221;][\/vc_tta_section][vc_tta_section title=&#8221;C\u00f3digo \u00c9tica Odontol\u00f3gica&#8221; tab_id=&#8221;1507917193150-6ccc9789-ecd3&#8243;][vc_btn title=&#8221;Download do C\u00f3digo de \u00c9tica&#8221; color=&#8221;primary&#8221; i_icon_fontawesome=&#8221;fa fa-file-pdf-o&#8221; add_icon=&#8221;true&#8221; link=&#8221;url:file%3A%2F%2F%2FC%3A%2FUsers%2FDell%2FDownloads%2FEstatuto%2520do%2520SODF%2520de%25202017%2520(1).pdf||target:%20_blank|&#8221;][\/vc_tta_section][vc_tta_section title=&#8221;Legisla\u00e7\u00e3o Trabalhista&#8221; tab_id=&#8221;1507917256402-94b1bb1e-6a59&#8243;][\/vc_tta_section][vc_tta_section title=&#8221;Legisla\u00e7\u00e3o Previdenci\u00e1ria&#8221; tab_id=&#8221;1507917296951-4f0c8535-b946&#8243;][vc_column_text]Conhe\u00e7a Seus Direitos &#8211; Aposentadoria | www.fio.org.br <a href=\"https:\/\/www.pabxip.online\/\" target=\"_blank\" rel=\"noopener noreferrer\">clique aqui<\/a>[\/vc_column_text][vc_btn title=&#8221;Conhe\u00e7a o Guia de Aposentadoria Especial do Cirurgi\u00e3o Dentista&#8221; color=&#8221;primary&#8221; i_icon_fontawesome=&#8221;fa fa-file-pdf-o&#8221; add_icon=&#8221;true&#8221; link=&#8221;url:http%3A%2F%2Fwww.sodf.org.br%2Fwordpress%2Fwp-content%2Fuploads%2F2017%2F10%2FGuia_Aposentadoria_Especial-Odontologistas_Servidor_Publico.pdf||target:%20_blank|&#8221;][\/vc_tta_section][vc_tta_section title=&#8221;Se\u00e7\u00e3o&#8221; tab_id=&#8221;1562699399945-de70025d-dc83&#8243;][\/vc_tta_section][\/vc_tta_accordion][\/vc_column][\/vc_row]<\/p>\n","protected":false},"excerpt":{"rendered":"<p>[vc_row][vc_column][vc_tta_accordion][vc_tta_section title=&#8221;Estatuto da SODF&#8221; tab_id=&#8221;1507917193126-acf9e565-408e&#8221;][vc_btn title=&#8221;Download do Estatuto da SODF&#8221; color=&#8221;primary&#8221; i_icon_fontawesome=&#8221;fa fa-file-pdf-o&#8221; add_icon=&#8221;true&#8221; link=&#8221;url:http%3A%2F%2Fwww.sodf.org.br%2Fwordpress%2Fwp-content%2Fuploads%2F2019%2F07%2FEstatuto-do-SODF-de-2017.pdf|title:Estatuto%20do%20SODF|target:%20_blank|&#8221;][\/vc_tta_section][vc_tta_section title=&#8221;C\u00f3digo \u00c9tica Odontol\u00f3gica&#8221; tab_id=&#8221;1507917193150-6ccc9789-ecd3&#8243;][vc_btn title=&#8221;Download do C\u00f3digo de \u00c9tica&#8221; color=&#8221;primary&#8221; i_icon_fontawesome=&#8221;fa fa-file-pdf-o&#8221; add_icon=&#8221;true&#8221; link=&#8221;url:file%3A%2F%2F%2FC%3A%2FUsers%2FDell%2FDownloads%2FEstatuto%2520do%2520SODF%2520de%25202017%2520(1).pdf||target:%20_blank|&#8221;][\/vc_tta_section][vc_tta_section title=&#8221;Legisla\u00e7\u00e3o Trabalhista&#8221; tab_id=&#8221;1507917256402-94b1bb1e-6a59&#8243;][\/vc_tta_section][vc_tta_section title=&#8221;Legisla\u00e7\u00e3o Previdenci\u00e1ria&#8221; tab_id=&#8221;1507917296951-4f0c8535-b946&#8243;][vc_column_text]Conhe\u00e7a Seus Direitos &#8211; Aposentadoria | www.fio.org.br clique aqui[\/vc_column_text][vc_btn title=&#8221;Conhe\u00e7a o Guia de Aposentadoria Especial do Cirurgi\u00e3o Dentista&#8221; color=&#8221;primary&#8221; i_icon_fontawesome=&#8221;fa fa-file-pdf-o&#8221; [&hellip;]<\/p>\n","protected":false},"author":1,"featured_media":0,"parent":0,"menu_order":0,"comment_status":"closed","ping_status":"closed","template":"","meta":{"footnotes":""},"class_list":["post-23","page","type-page","status-publish","hentry"],"post_mailing_queue_ids":[],"_links":{"self":[{"href":"https:\/\/www.sodf.org.br\/wordpress\/wp-json\/wp\/v2\/pages\/23","targetHints":{"allow":["GET"]}}],"collection":[{"href":"https:\/\/www.sodf.org.br\/wordpress\/wp-json\/wp\/v2\/pages"}],"about":[{"href":"https:\/\/www.sodf.org.br\/wordpress\/wp-json\/wp\/v2\/types\/page"}],"author":[{"embeddable":true,"href":"https:\/\/www.sodf.org.br\/wordpress\/wp-json\/wp\/v2\/users\/1"}],"replies":[{"embeddable":true,"href":"https:\/\/www.sodf.org.br\/wordpress\/wp-json\/wp\/v2\/comments?post=23"}],"version-history":[{"count":17,"href":"https:\/\/www.sodf.org.br\/wordpress\/wp-json\/wp\/v2\/pages\/23\/revisions"}],"predecessor-version":[{"id":1949,"href":"https:\/\/www.sodf.org.br\/wordpress\/wp-json\/wp\/v2\/pages\/23\/revisions\/1949"}],"wp:attachment":[{"href":"https:\/\/www.sodf.org.br\/wordpress\/wp-json\/wp\/v2\/media?parent=23"}],"curies":[{"name":"wp","href":"https:\/\/api.w.org\/{rel}","templated":true}]}}