{"id":13,"date":"2017-10-07T10:41:28","date_gmt":"2017-10-07T13:41:28","guid":{"rendered":"http:\/\/www.sodf.org.br\/wordpress\/?page_id=13"},"modified":"2024-07-10T14:04:57","modified_gmt":"2024-07-10T17:04:57","slug":"quem-somos","status":"publish","type":"page","link":"https:\/\/www.sodf.org.br\/wordpress\/quem-somos\/","title":{"rendered":"Quem somos"},"content":{"rendered":"<p style=\"text-align: justify;\"><strong>Conhe\u00e7a um pouco da Hist\u00f3ria do seu Sindicato <\/strong><\/p>\n<p style=\"text-align: justify;\">O Sindicato dos Odontologistas do Distrito Federal surgiu em 1964 como Associa\u00e7\u00e3o Profissional dos Odontologistas do Distrito Federal, criada por um grupo de cirurgi\u00f5es-dentistas preocupados em ter uma representa\u00e7\u00e3o sindical. Fechada pelo regime militar, a Associa\u00e7\u00e3o volta a funcionar em 1971, conquistando sua Carta Sindical em 19 de dezembro de 1980, quando \u00e9 reconhecida como Sindicato dos Odontologistas do Distrito Federal. Em todos estes anos, o SODF &#8211; como passou a ser chamado &#8211; sempre esteve na linha de frente de todas as lutas da categoria no DF e no Brasil, conquistando espa\u00e7os que o tornaram refer\u00eancia para os cirurgi\u00f5es-dentistas e demais trabalhadores em Sa\u00fade. A nossa hist\u00f3ria passa pela formula\u00e7\u00e3o de pol\u00edticas de Sa\u00fade Bucal; luta pela implanta\u00e7\u00e3o e defesa dos servi\u00e7os p\u00fablicos odontol\u00f3gicos; organiza\u00e7\u00e3o dos conv\u00eanios e credenciamentos e da equipe de Sa\u00fade Bucal; funda\u00e7\u00e3o da Federa\u00e7\u00e3o Interestadual dos Odontologistas; organiza\u00e7\u00e3o das Confer\u00eancias de Sa\u00fade Bucal e Confer\u00eancias Nacionais de Sa\u00fade; participa\u00e7\u00e3o no movimento das Diretas J\u00e1, impeachment de Collor, reforma agr\u00e1ria, reformas Administrativa e da Previd\u00eancia e Gritos dos Exclu\u00eddos, dentre outros movimentos que visam fortalecer a Odontologia e a sociedade brasileira. A nossa meta \u00e9 a conquista permanente de novos espa\u00e7os, buscando dignificar a profiss\u00e3o e fazendo a nossa hist\u00f3ria na constru\u00e7\u00e3o de um Pa\u00eds em que todos tenham direito a uma vida de qualidade.<\/p>\n<p style=\"text-align: justify;\"><strong>Por que ser Sindicalizado? \u00a0<\/strong><\/p>\n<p style=\"text-align: justify;\">Numa conjuntura em que os trabalhadores t\u00eam que lutar permanentemente em defesa do emprego e dos direitos conquistados, muitas vezes deixando em segundo plano as quest\u00f5es salariais e condi\u00e7\u00f5es de trabalho, o Sindicato assume um papel fundamental. Ao se sindicalizar, o trabalhador passa a contar com uma entidade pronta a defender os seus interesses O sindicalizado tem \u00e0 sua disposi\u00e7\u00e3o uma estrutura preparada para fortalec\u00ea-lo e defend\u00ea-lo: assessoria jur\u00eddica, conv\u00eanios e credenciamentos, conv\u00eanio m\u00e9dico, cursos de atualiza\u00e7\u00e3o etc. O sindicalizado tem direito \u00e0 greve como instrumento que possibilita a luta pela amplia\u00e7\u00e3o e garantia de suas conquistas. Pode, ainda, participar dos movimentos para a constru\u00e7\u00e3o de uma sociedade mais justa. Portanto, ser sindicalizado contribui para fortalecer ainda mais a cidadania do cirurgi\u00e3o-dentista e possibilita a sua participa\u00e7\u00e3o como personagem principal da hist\u00f3ria da Odontologia.<\/p>\n<blockquote>\n<p style=\"text-align: justify;\">Sindicalize-se! Passe a fazer parte deste time de colegas que querem uma Odontologia melhor!<\/p>\n<\/blockquote>\n","protected":false},"excerpt":{"rendered":"<p>Conhe\u00e7a um pouco da Hist\u00f3ria do seu Sindicato O Sindicato dos Odontologistas do Distrito Federal surgiu em 1964 como Associa\u00e7\u00e3o Profissional dos Odontologistas do Distrito Federal, criada por um grupo de cirurgi\u00f5es-dentistas preocupados em ter uma representa\u00e7\u00e3o sindical. Fechada pelo regime militar, a Associa\u00e7\u00e3o volta a funcionar em 1971, conquistando sua Carta Sindical em 19 [&hellip;]<\/p>\n","protected":false},"author":1,"featured_media":0,"parent":0,"menu_order":0,"comment_status":"closed","ping_status":"closed","template":"","meta":{"footnotes":""},"class_list":["post-13","page","type-page","status-publish","hentry"],"post_mailing_queue_ids":[],"_links":{"self":[{"href":"https:\/\/www.sodf.org.br\/wordpress\/wp-json\/wp\/v2\/pages\/13","targetHints":{"allow":["GET"]}}],"collection":[{"href":"https:\/\/www.sodf.org.br\/wordpress\/wp-json\/wp\/v2\/pages"}],"about":[{"href":"https:\/\/www.sodf.org.br\/wordpress\/wp-json\/wp\/v2\/types\/page"}],"author":[{"embeddable":true,"href":"https:\/\/www.sodf.org.br\/wordpress\/wp-json\/wp\/v2\/users\/1"}],"replies":[{"embeddable":true,"href":"https:\/\/www.sodf.org.br\/wordpress\/wp-json\/wp\/v2\/comments?post=13"}],"version-history":[{"count":2,"href":"https:\/\/www.sodf.org.br\/wordpress\/wp-json\/wp\/v2\/pages\/13\/revisions"}],"predecessor-version":[{"id":7479,"href":"https:\/\/www.sodf.org.br\/wordpress\/wp-json\/wp\/v2\/pages\/13\/revisions\/7479"}],"wp:attachment":[{"href":"https:\/\/www.sodf.org.br\/wordpress\/wp-json\/wp\/v2\/media?parent=13"}],"curies":[{"name":"wp","href":"https:\/\/api.w.org\/{rel}","templated":true}]}}