{"id":1189,"date":"2018-10-29T16:36:44","date_gmt":"2018-10-29T19:36:44","guid":{"rendered":"http:\/\/www.sodf.org.br\/wordpress\/?page_id=1189"},"modified":"2019-04-04T12:25:56","modified_gmt":"2019-04-04T15:25:56","slug":"revisao-de-salarios","status":"publish","type":"page","link":"https:\/\/www.sodf.org.br\/wordpress\/revisao-de-salarios\/","title":{"rendered":"Revis\u00e3o de Sal\u00e1rio"},"content":{"rendered":"\n<div class=\"wpcf7 no-js\" id=\"wpcf7-f1173-o1\" lang=\"pt-BR\" dir=\"ltr\" data-wpcf7-id=\"1173\">\n<div class=\"screen-reader-response\"><p role=\"status\" aria-live=\"polite\" aria-atomic=\"true\"><\/p> <ul><\/ul><\/div>\n<form action=\"\/wordpress\/wp-json\/wp\/v2\/pages\/1189#wpcf7-f1173-o1\" method=\"post\" class=\"wpcf7-form init\" aria-label=\"Formul\u00e1rios de contato\" novalidate=\"novalidate\" data-status=\"init\">\n<fieldset class=\"hidden-fields-container\"><input type=\"hidden\" name=\"_wpcf7\" value=\"1173\" \/><input type=\"hidden\" name=\"_wpcf7_version\" value=\"6.1.5\" \/><input type=\"hidden\" name=\"_wpcf7_locale\" value=\"pt_BR\" \/><input type=\"hidden\" name=\"_wpcf7_unit_tag\" value=\"wpcf7-f1173-o1\" \/><input type=\"hidden\" name=\"_wpcf7_container_post\" value=\"0\" \/><input type=\"hidden\" name=\"_wpcf7_posted_data_hash\" value=\"\" \/>\n<\/fieldset>\n<CENTER>\n\t<p><img decoding=\"async\" src=\"https:\/\/image.ibb.co\/cQD58L\/Sindicato2.png\" \/>\n\t<\/p>\n<\/center>\n<font color=8c072f>\n\t<p><label> Nome completo (obrigat\u00f3rio)<br \/>\n<span class=\"wpcf7-form-control-wrap\" data-name=\"your-name\"><input size=\"40\" maxlength=\"400\" class=\"wpcf7-form-control wpcf7-text wpcf7-validates-as-required\" aria-required=\"true\" aria-invalid=\"false\" value=\"\" type=\"text\" name=\"your-name\" \/><\/span> <\/label>\n\t<\/p>\n\t<p><label> Data de nascimento (obrigat\u00f3rio)<br \/>\n<span class=\"wpcf7-form-control-wrap\" data-name=\"text-990\"><input size=\"40\" maxlength=\"400\" class=\"wpcf7-form-control wpcf7-text\" aria-invalid=\"false\" placeholder=\"__\/__\/__\" value=\"\" type=\"text\" name=\"text-990\" \/><\/span><\/label>\n\t<\/p>\n\t<p><span class=\"wpcf7-form-control-wrap\" data-name=\"F\"><select class=\"wpcf7-form-control wpcf7-select wpcf7-validates-as-required\" aria-required=\"true\" aria-invalid=\"false\" name=\"F\"><option value=\"Ativo\">Ativo<\/option><option value=\"Aposentado\">Aposentado<\/option><\/select><\/span>\n\t<\/p>\n\t<p><label> Seu e-mail (obrigat\u00f3rio)<br \/>\n<span class=\"wpcf7-form-control-wrap\" data-name=\"your-email\"><input size=\"40\" maxlength=\"400\" class=\"wpcf7-form-control wpcf7-email wpcf7-validates-as-required wpcf7-text wpcf7-validates-as-email\" aria-required=\"true\" aria-invalid=\"false\" value=\"\" type=\"email\" name=\"your-email\" \/><\/span> <\/label>\n\t<\/p>\n\t<p><label> Telefone (obrigat\u00f3rio)<br \/>\n<span class=\"wpcf7-form-control-wrap\" data-name=\"tel-190\"><input size=\"40\" maxlength=\"400\" class=\"wpcf7-form-control wpcf7-tel wpcf7-validates-as-required wpcf7-text wpcf7-validates-as-tel\" aria-required=\"true\" aria-invalid=\"false\" value=\"\" type=\"tel\" name=\"tel-190\" \/><\/span> <\/label>\n\t<\/p>\n\t<p><label> Local de trabalho<br \/>\n<span class=\"wpcf7-form-control-wrap\" data-name=\"text-531\"><input size=\"40\" maxlength=\"400\" class=\"wpcf7-form-control wpcf7-text\" aria-invalid=\"false\" value=\"\" type=\"text\" name=\"text-531\" \/><\/span> <\/label>\n\t<\/p>\n\t<p><label> Matr\u00edcula<br \/>\n<span class=\"wpcf7-form-control-wrap\" data-name=\"number-782\"><input class=\"wpcf7-form-control wpcf7-number wpcf7-validates-as-number\" aria-invalid=\"false\" value=\"\" type=\"number\" name=\"number-782\" \/><\/span> <\/label>\n\t<\/p>\n\t<p><label> Ano admiss\u00e3o<br \/>\n<span class=\"wpcf7-form-control-wrap\" data-name=\"text-227\"><input size=\"40\" maxlength=\"400\" class=\"wpcf7-form-control wpcf7-text\" aria-invalid=\"false\" placeholder=\"__\/__\/__\" value=\"\" type=\"text\" name=\"text-227\" \/><\/span> <\/label>\n\t<\/p>\n\t<p><label> Vencimento, B\u00e1sico ou Proventos<br \/>\n<span class=\"wpcf7-form-control-wrap\" data-name=\"text-756\"><input size=\"40\" maxlength=\"400\" class=\"wpcf7-form-control wpcf7-text\" aria-invalid=\"false\" value=\"\" type=\"text\" name=\"text-756\" \/><\/span> <\/label>\n\t<\/p>\n\t<p>Carga hor\u00e1ria semanal<br \/>\n<span class=\"wpcf7-form-control-wrap\" data-name=\"checkbox-140\"><span class=\"wpcf7-form-control wpcf7-checkbox wpcf7-exclusive-checkbox\"><span class=\"wpcf7-list-item first\"><input type=\"checkbox\" name=\"checkbox-140\" value=\"20h\" \/><span class=\"wpcf7-list-item-label\">20h<\/span><\/span><span class=\"wpcf7-list-item last\"><input type=\"checkbox\" name=\"checkbox-140\" value=\"40h\" \/><span class=\"wpcf7-list-item-label\">40h<\/span><\/span><\/span><\/span>\n\t<\/p>\n\t<p><label> Grat. A\u00e7\u00f5es b\u00e1sicas<br \/>\n<span class=\"wpcf7-form-control-wrap\" data-name=\"text-511\"><input size=\"40\" maxlength=\"400\" class=\"wpcf7-form-control wpcf7-text\" aria-invalid=\"false\" value=\"\" type=\"text\" name=\"text-511\" \/><\/span> <\/label>\n\t<\/p>\n\t<p><label> GMOV<br \/>\n<span class=\"wpcf7-form-control-wrap\" data-name=\"text-511\"><input size=\"40\" maxlength=\"400\" class=\"wpcf7-form-control wpcf7-text\" aria-invalid=\"false\" value=\"\" type=\"text\" name=\"text-511\" \/><\/span> <\/label>\n\t<\/p>\n\t<p><label> GCET<br \/>\n<span class=\"wpcf7-form-control-wrap\" data-name=\"text-511\"><input size=\"40\" maxlength=\"400\" class=\"wpcf7-form-control wpcf7-text\" aria-invalid=\"false\" value=\"\" type=\"text\" name=\"text-511\" \/><\/span> <\/label>\n\t<\/p>\n\t<p><label> GAMU<br \/>\n<span class=\"wpcf7-form-control-wrap\" data-name=\"text-511\"><input size=\"40\" maxlength=\"400\" class=\"wpcf7-form-control wpcf7-text\" aria-invalid=\"false\" value=\"\" type=\"text\" name=\"text-511\" \/><\/span> <\/label>\n\t<\/p>\n\t<p><label> Tempo averbado INSS<br \/>\n<span class=\"wpcf7-form-control-wrap\" data-name=\"text-993\"><input size=\"40\" maxlength=\"400\" class=\"wpcf7-form-control wpcf7-text\" aria-invalid=\"false\" placeholder=\"__\/__\/__ a __\/__\/__\" value=\"\" type=\"text\" name=\"text-993\" \/><\/span> <\/label><br \/>\n<label> <span class=\"wpcf7-form-control-wrap\" data-name=\"text-595\"><input size=\"40\" maxlength=\"400\" class=\"wpcf7-form-control wpcf7-text\" aria-invalid=\"false\" placeholder=\"__\/__\/__ a __\/__\/__\" value=\"\" type=\"text\" name=\"text-595\" \/><\/span> <\/label><br \/>\n<label> <span class=\"wpcf7-form-control-wrap\" data-name=\"text-593\"><input size=\"40\" maxlength=\"400\" class=\"wpcf7-form-control wpcf7-text\" aria-invalid=\"false\" placeholder=\"__\/__\/__ a __\/__\/__\" value=\"\" type=\"text\" name=\"text-593\" \/><\/span> <\/label>\n\t<\/p>\n\t<p><label> Tempo averbado servi\u00e7o p\u00fablico<br \/>\n<span class=\"wpcf7-form-control-wrap\" data-name=\"text-389\"><input size=\"40\" maxlength=\"400\" class=\"wpcf7-form-control wpcf7-text\" aria-invalid=\"false\" placeholder=\"__\/__\/__ a __\/__\/__\" value=\"\" type=\"text\" name=\"text-389\" \/><\/span> <\/label><br \/>\n<label> <span class=\"wpcf7-form-control-wrap\" data-name=\"text-382\"><input size=\"40\" maxlength=\"400\" class=\"wpcf7-form-control wpcf7-text\" aria-invalid=\"false\" placeholder=\"__\/__\/__ a __\/__\/__\" value=\"\" type=\"text\" name=\"text-382\" \/><\/span> <\/label><br \/>\n<label> <span class=\"wpcf7-form-control-wrap\" data-name=\"text-3812\"><input size=\"40\" maxlength=\"400\" class=\"wpcf7-form-control wpcf7-text\" aria-invalid=\"false\" placeholder=\"__\/__\/__ a __\/__\/__\" value=\"\" type=\"text\" name=\"text-3812\" \/><\/span> <\/label>\n\t<\/p>\n\t<p><label><b>SOLICITA\u00c7\u00d5ES de c\u00e1lculos conforme refer\u00eancia<\/b><\/label>\n\t<\/p>\n\t<p>Servi\u00e7o 1 - Revis\u00e3o total do contracheque.<br \/>\n<span class=\"wpcf7-form-control-wrap\" data-name=\"checkbox-57\"><span class=\"wpcf7-form-control wpcf7-checkbox wpcf7-exclusive-checkbox\"><span class=\"wpcf7-list-item first\"><input type=\"checkbox\" name=\"checkbox-57\" value=\"Sim\" \/><span class=\"wpcf7-list-item-label\">Sim<\/span><\/span><span class=\"wpcf7-list-item last\"><input type=\"checkbox\" name=\"checkbox-57\" value=\"N\u00e3o\" \/><span class=\"wpcf7-list-item-label\">N\u00e3o<\/span><\/span><\/span><\/span>\n\t<\/p>\n\t<p>Servi\u00e7o 2 - Previs\u00e3o sal\u00e1rio com reajuste SET.2015.<br \/>\n<span class=\"wpcf7-form-control-wrap\" data-name=\"checkbox-82\"><span class=\"wpcf7-form-control wpcf7-checkbox wpcf7-exclusive-checkbox\"><span class=\"wpcf7-list-item first\"><input type=\"checkbox\" name=\"checkbox-82\" value=\"Sim\" \/><span class=\"wpcf7-list-item-label\">Sim<\/span><\/span><span class=\"wpcf7-list-item last\"><input type=\"checkbox\" name=\"checkbox-82\" value=\"N\u00e3o\" \/><span class=\"wpcf7-list-item-label\">N\u00e3o<\/span><\/span><\/span><\/span>\n\t<\/p>\n\t<p>Servi\u00e7o 3 - Previs\u00e3o retroativo do reajuste SET.2015.<br \/>\n<span class=\"wpcf7-form-control-wrap\" data-name=\"checkbox-81\"><span class=\"wpcf7-form-control wpcf7-checkbox wpcf7-exclusive-checkbox\"><span class=\"wpcf7-list-item first\"><input type=\"checkbox\" name=\"checkbox-81\" value=\"Sim\" \/><span class=\"wpcf7-list-item-label\">Sim<\/span><\/span><span class=\"wpcf7-list-item last\"><input type=\"checkbox\" name=\"checkbox-81\" value=\"N\u00e3o\" \/><span class=\"wpcf7-list-item-label\">N\u00e3o<\/span><\/span><\/span><\/span>\n\t<\/p>\n\t<p>Servi\u00e7o 4 - Valor correto horas extras diurnas e noturnas.<br \/>\n<span class=\"wpcf7-form-control-wrap\" data-name=\"checkbox-80\"><span class=\"wpcf7-form-control wpcf7-checkbox wpcf7-exclusive-checkbox\"><span class=\"wpcf7-list-item first\"><input type=\"checkbox\" name=\"checkbox-80\" value=\"Sim\" \/><span class=\"wpcf7-list-item-label\">Sim<\/span><\/span><span class=\"wpcf7-list-item last\"><input type=\"checkbox\" name=\"checkbox-80\" value=\"N\u00e3o\" \/><span class=\"wpcf7-list-item-label\">N\u00e3o<\/span><\/span><\/span><\/span>\n\t<\/p>\n\t<p>Servi\u00e7o 5 - Valor adicional noturno.<br \/>\n<span class=\"wpcf7-form-control-wrap\" data-name=\"checkbox-59\"><span class=\"wpcf7-form-control wpcf7-checkbox wpcf7-exclusive-checkbox\"><span class=\"wpcf7-list-item first\"><input type=\"checkbox\" name=\"checkbox-59\" value=\"Sim\" \/><span class=\"wpcf7-list-item-label\">Sim<\/span><\/span><span class=\"wpcf7-list-item last\"><input type=\"checkbox\" name=\"checkbox-59\" value=\"N\u00e3o\" \/><span class=\"wpcf7-list-item-label\">N\u00e3o<\/span><\/span><\/span><\/span>\n\t<\/p>\n\t<p>Servi\u00e7o 6 - Proje\u00e7\u00e3o salarial de 40h\/s para quem faz 20h\/s atualmente.<br \/>\n<span class=\"wpcf7-form-control-wrap\" data-name=\"checkbox-91\"><span class=\"wpcf7-form-control wpcf7-checkbox wpcf7-exclusive-checkbox\"><span class=\"wpcf7-list-item first\"><input type=\"checkbox\" name=\"checkbox-91\" value=\"Sim\" \/><span class=\"wpcf7-list-item-label\">Sim<\/span><\/span><span class=\"wpcf7-list-item last\"><input type=\"checkbox\" name=\"checkbox-91\" value=\"N\u00e3o\" \/><span class=\"wpcf7-list-item-label\">N\u00e3o<\/span><\/span><\/span><\/span>\n\t<\/p>\n\t<p>Servi\u00e7o 7 - Previs\u00e3o salarial caso solicite retrata\u00e7\u00e3o da op\u00e7\u00e3o de 40h\/s.<br \/>\n<span class=\"wpcf7-form-control-wrap\" data-name=\"checkbox-92\"><span class=\"wpcf7-form-control wpcf7-checkbox wpcf7-exclusive-checkbox\"><span class=\"wpcf7-list-item first\"><input type=\"checkbox\" name=\"checkbox-92\" value=\"Sim\" \/><span class=\"wpcf7-list-item-label\">Sim<\/span><\/span><span class=\"wpcf7-list-item last\"><input type=\"checkbox\" name=\"checkbox-92\" value=\"N\u00e3o\" \/><span class=\"wpcf7-list-item-label\">N\u00e3o<\/span><\/span><\/span><\/span>\n\t<\/p>\n\t<p>Servi\u00e7o 8 - Simula\u00e7\u00e3o salarial detalhada ap\u00f3s aposentadoria.<br \/>\n<span class=\"wpcf7-form-control-wrap\" data-name=\"checkbox-93\"><span class=\"wpcf7-form-control wpcf7-checkbox wpcf7-exclusive-checkbox\"><span class=\"wpcf7-list-item first\"><input type=\"checkbox\" name=\"checkbox-93\" value=\"Sim\" \/><span class=\"wpcf7-list-item-label\">Sim<\/span><\/span><span class=\"wpcf7-list-item last\"><input type=\"checkbox\" name=\"checkbox-93\" value=\"N\u00e3o\" \/><span class=\"wpcf7-list-item-label\">N\u00e3o<\/span><\/span><\/span><\/span>\n\t<\/p>\n\t<p>Servi\u00e7o 9 - Esclarecimento sobre descontos de IR, IPREV ou seguridade social.<br \/>\n<span class=\"wpcf7-form-control-wrap\" data-name=\"checkbox-94\"><span class=\"wpcf7-form-control wpcf7-checkbox wpcf7-exclusive-checkbox\"><span class=\"wpcf7-list-item first\"><input type=\"checkbox\" name=\"checkbox-94\" value=\"Sim\" \/><span class=\"wpcf7-list-item-label\">Sim<\/span><\/span><span class=\"wpcf7-list-item last\"><input type=\"checkbox\" name=\"checkbox-94\" value=\"N\u00e3o\" \/><span class=\"wpcf7-list-item-label\">N\u00e3o<\/span><\/span><\/span><\/span>\n\t<\/p>\n\t<p>Servi\u00e7o 10 - C\u00e1lculo do valor do abono perman\u00eancia.<br \/>\n<span class=\"wpcf7-form-control-wrap\" data-name=\"checkbox-95\"><span class=\"wpcf7-form-control wpcf7-checkbox wpcf7-exclusive-checkbox\"><span class=\"wpcf7-list-item first\"><input type=\"checkbox\" name=\"checkbox-95\" value=\"Sim\" \/><span class=\"wpcf7-list-item-label\">Sim<\/span><\/span><span class=\"wpcf7-list-item last\"><input type=\"checkbox\" name=\"checkbox-95\" value=\"N\u00e3o\" \/><span class=\"wpcf7-list-item-label\">N\u00e3o<\/span><\/span><\/span><\/span>\n\t<\/p>\n\t<p>Servi\u00e7o 11 - Simular data prov\u00e1vel de aposentadoria.<br \/>\n<span class=\"wpcf7-form-control-wrap\" data-name=\"checkbox-96\"><span class=\"wpcf7-form-control wpcf7-checkbox wpcf7-exclusive-checkbox\"><span class=\"wpcf7-list-item first\"><input type=\"checkbox\" name=\"checkbox-96\" value=\"Sim\" \/><span class=\"wpcf7-list-item-label\">Sim<\/span><\/span><span class=\"wpcf7-list-item last\"><input type=\"checkbox\" name=\"checkbox-96\" value=\"N\u00e3o\" \/><span class=\"wpcf7-list-item-label\">N\u00e3o<\/span><\/span><\/span><\/span>\n\t<\/p>\n\t<p>Servi\u00e7o 12 - Previs\u00e3o do valor das licen\u00e7as pr\u00eamios a serem convertidas em pec\u00fania.<br \/>\n<span class=\"wpcf7-form-control-wrap\" data-name=\"checkbox-98\"><span class=\"wpcf7-form-control wpcf7-checkbox wpcf7-exclusive-checkbox\"><span class=\"wpcf7-list-item first\"><input type=\"checkbox\" name=\"checkbox-98\" value=\"Sim\" \/><span class=\"wpcf7-list-item-label\">Sim<\/span><\/span><span class=\"wpcf7-list-item last\"><input type=\"checkbox\" name=\"checkbox-98\" value=\"N\u00e3o\" \/><span class=\"wpcf7-list-item-label\">N\u00e3o<\/span><\/span><\/span><\/span>\n\t<\/p>\n<\/font>\n<p><input class=\"wpcf7-form-control wpcf7-submit has-spinner\" type=\"submit\" value=\"Enviar\" \/>\n<\/p><p style=\"display: none !important;\" class=\"akismet-fields-container\" data-prefix=\"_wpcf7_ak_\"><label>&#916;<textarea name=\"_wpcf7_ak_hp_textarea\" cols=\"45\" rows=\"8\" maxlength=\"100\"><\/textarea><\/label><input type=\"hidden\" id=\"ak_js_1\" name=\"_wpcf7_ak_js\" value=\"2\"\/><script>document.getElementById( \"ak_js_1\" ).setAttribute( \"value\", ( new Date() ).getTime() );<\/script><\/p><div class=\"wpcf7-response-output\" aria-hidden=\"true\"><\/div>\n<\/form>\n<\/div>\n\n","protected":false},"excerpt":{"rendered":"Nome completo (obrigat\u00f3rio) Data de nascimento (obrigat\u00f3rio) AtivoAposentado Seu e-mail (obrigat\u00f3rio) Telefone (obrigat\u00f3rio) Local de trabalho Matr\u00edcula Ano admiss\u00e3o Vencimento, B\u00e1sico ou Proventos Carga hor\u00e1ria semanal 20h40h Grat. A\u00e7\u00f5es b\u00e1sicas GMOV GCET GAMU Tempo averbado INSS Tempo averbado servi\u00e7o p\u00fablico SOLICITA\u00c7\u00d5ES de c\u00e1lculos conforme refer\u00eancia Servi\u00e7o 1 - Revis\u00e3o total do contracheque. SimN\u00e3o Servi\u00e7o 2 [...]","protected":false},"author":2,"featured_media":0,"parent":0,"menu_order":0,"comment_status":"closed","ping_status":"closed","template":"","meta":{"footnotes":""},"class_list":["post-1189","page","type-page","status-publish","hentry"],"post_mailing_queue_ids":[],"_links":{"self":[{"href":"https:\/\/www.sodf.org.br\/wordpress\/wp-json\/wp\/v2\/pages\/1189","targetHints":{"allow":["GET"]}}],"collection":[{"href":"https:\/\/www.sodf.org.br\/wordpress\/wp-json\/wp\/v2\/pages"}],"about":[{"href":"https:\/\/www.sodf.org.br\/wordpress\/wp-json\/wp\/v2\/types\/page"}],"author":[{"embeddable":true,"href":"https:\/\/www.sodf.org.br\/wordpress\/wp-json\/wp\/v2\/users\/2"}],"replies":[{"embeddable":true,"href":"https:\/\/www.sodf.org.br\/wordpress\/wp-json\/wp\/v2\/comments?post=1189"}],"version-history":[{"count":6,"href":"https:\/\/www.sodf.org.br\/wordpress\/wp-json\/wp\/v2\/pages\/1189\/revisions"}],"predecessor-version":[{"id":1706,"href":"https:\/\/www.sodf.org.br\/wordpress\/wp-json\/wp\/v2\/pages\/1189\/revisions\/1706"}],"wp:attachment":[{"href":"https:\/\/www.sodf.org.br\/wordpress\/wp-json\/wp\/v2\/media?parent=1189"}],"curies":[{"name":"wp","href":"https:\/\/api.w.org\/{rel}","templated":true}]}}